{"id":77,"date":"2023-05-11T11:30:50","date_gmt":"2023-05-11T09:30:50","guid":{"rendered":"https:\/\/dev.mielcafedesign.com\/sldesign\/?page_id=77"},"modified":"2026-03-26T15:19:30","modified_gmt":"2026-03-26T14:19:30","slug":"home-relooking","status":"publish","type":"page","link":"https:\/\/ellesinteriordesignstudio.com\/fr\/home-relooking\/","title":{"rendered":"PR\u00caT-\u00c0-PORTER"},"content":{"rendered":"","protected":false},"excerpt":{"rendered":"","protected":false},"author":2,"featured_media":79,"parent":0,"menu_order":0,"comment_status":"closed","ping_status":"closed","template":"","meta":{"footnotes":""},"class_list":["post-77","page","type-page","status-publish","has-post-thumbnail","hentry"],"yoast_head":"<!-- This site is optimized with the Yoast SEO plugin v27.4 - https:\/\/yoast.com\/product\/yoast-seo-wordpress\/ -->\n<title>Elles Interior Design | Pr\u00eat-\u00e0-porter: mon service de relooking de la maison<\/title>\n<meta name=\"description\" content=\"Un service de d\u00e9coration d&#039;int\u00e9rieur con\u00e7u pour r\u00e9nover ou relooker votre maison, en l&#039;adaptant \u00e0 vos go\u00fbts et aux changements de votre vie.\" \/>\n<meta name=\"robots\" content=\"index, follow, max-snippet:-1, max-image-preview:large, max-video-preview:-1\" \/>\n<link rel=\"canonical\" href=\"https:\/\/ellesinteriordesignstudio.com\/fr\/home-relooking\/\" \/>\n<meta property=\"og:locale\" content=\"fr_FR\" \/>\n<meta property=\"og:type\" content=\"article\" \/>\n<meta property=\"og:title\" content=\"Elles Interior Design | Pr\u00eat-\u00e0-porter: mon service de relooking de la maison\" \/>\n<meta property=\"og:description\" content=\"Un service de d\u00e9coration d&#039;int\u00e9rieur con\u00e7u pour r\u00e9nover ou relooker votre maison, en l&#039;adaptant \u00e0 vos go\u00fbts et aux changements de votre vie.\" \/>\n<meta property=\"og:url\" content=\"https:\/\/ellesinteriordesignstudio.com\/fr\/home-relooking\/\" \/>\n<meta property=\"og:site_name\" content=\"ELLES Interior Design\" \/>\n<meta property=\"article:modified_time\" content=\"2026-03-26T14:19:30+00:00\" \/>\n<meta property=\"og:image\" content=\"https:\/\/ellesinteriordesignstudio.com\/fr\/wp-content\/uploads\/sites\/2\/2023\/05\/1_dessin_technique.webp\" \/>\n\t<meta property=\"og:image:width\" content=\"1500\" \/>\n\t<meta property=\"og:image:height\" content=\"2250\" \/>\n\t<meta property=\"og:image:type\" content=\"image\/webp\" \/>\n<meta name=\"twitter:card\" content=\"summary_large_image\" \/>\n<meta name=\"twitter:label1\" content=\"Dur\u00e9e de lecture estim\u00e9e\" \/>\n\t<meta name=\"twitter:data1\" content=\"10 minutes\" \/>\n<script type=\"application\/ld+json\" class=\"yoast-schema-graph\">{\"@context\":\"https:\\\/\\\/schema.org\",\"@graph\":[{\"@type\":\"WebPage\",\"@id\":\"https:\\\/\\\/ellesinteriordesignstudio.com\\\/fr\\\/home-relooking\\\/\",\"url\":\"https:\\\/\\\/ellesinteriordesignstudio.com\\\/fr\\\/home-relooking\\\/\",\"name\":\"Elles Interior Design | Pr\u00eat-\u00e0-porter: mon service de relooking de la maison\",\"isPartOf\":{\"@id\":\"https:\\\/\\\/ellesinteriordesignstudio.com\\\/fr\\\/#website\"},\"primaryImageOfPage\":{\"@id\":\"https:\\\/\\\/ellesinteriordesignstudio.com\\\/fr\\\/home-relooking\\\/#primaryimage\"},\"image\":{\"@id\":\"https:\\\/\\\/ellesinteriordesignstudio.com\\\/fr\\\/home-relooking\\\/#primaryimage\"},\"thumbnailUrl\":\"https:\\\/\\\/ellesinteriordesignstudio.com\\\/fr\\\/wp-content\\\/uploads\\\/sites\\\/2\\\/2023\\\/05\\\/1_dessin_technique.webp\",\"datePublished\":\"2023-05-11T09:30:50+00:00\",\"dateModified\":\"2026-03-26T14:19:30+00:00\",\"description\":\"Un service de d\u00e9coration d'int\u00e9rieur con\u00e7u pour r\u00e9nover ou relooker votre maison, en l'adaptant \u00e0 vos go\u00fbts et aux changements de votre vie.\",\"breadcrumb\":{\"@id\":\"https:\\\/\\\/ellesinteriordesignstudio.com\\\/fr\\\/home-relooking\\\/#breadcrumb\"},\"inLanguage\":\"fr-FR\",\"potentialAction\":[{\"@type\":\"ReadAction\",\"target\":[\"https:\\\/\\\/ellesinteriordesignstudio.com\\\/fr\\\/home-relooking\\\/\"]}]},{\"@type\":\"ImageObject\",\"inLanguage\":\"fr-FR\",\"@id\":\"https:\\\/\\\/ellesinteriordesignstudio.com\\\/fr\\\/home-relooking\\\/#primaryimage\",\"url\":\"https:\\\/\\\/ellesinteriordesignstudio.com\\\/fr\\\/wp-content\\\/uploads\\\/sites\\\/2\\\/2023\\\/05\\\/1_dessin_technique.webp\",\"contentUrl\":\"https:\\\/\\\/ellesinteriordesignstudio.com\\\/fr\\\/wp-content\\\/uploads\\\/sites\\\/2\\\/2023\\\/05\\\/1_dessin_technique.webp\",\"width\":1500,\"height\":2250,\"caption\":\"L'architecte d'int\u00e9rieur Stefania Luraghi d\u00e9veloppe un dessin technique lors d'un projet de r\u00e9novation.\"},{\"@type\":\"BreadcrumbList\",\"@id\":\"https:\\\/\\\/ellesinteriordesignstudio.com\\\/fr\\\/home-relooking\\\/#breadcrumb\",\"itemListElement\":[{\"@type\":\"ListItem\",\"position\":1,\"name\":\"Home\",\"item\":\"https:\\\/\\\/ellesinteriordesignstudio.com\\\/fr\\\/\"},{\"@type\":\"ListItem\",\"position\":2,\"name\":\"PR\u00caT-\u00c0-PORTER\"}]},{\"@type\":\"WebSite\",\"@id\":\"https:\\\/\\\/ellesinteriordesignstudio.com\\\/fr\\\/#website\",\"url\":\"https:\\\/\\\/ellesinteriordesignstudio.com\\\/fr\\\/\",\"name\":\"ELLES Interior Design\",\"description\":\"\",\"publisher\":{\"@id\":\"https:\\\/\\\/ellesinteriordesignstudio.com\\\/fr\\\/#organization\"},\"potentialAction\":[{\"@type\":\"SearchAction\",\"target\":{\"@type\":\"EntryPoint\",\"urlTemplate\":\"https:\\\/\\\/ellesinteriordesignstudio.com\\\/fr\\\/?s={search_term_string}\"},\"query-input\":{\"@type\":\"PropertyValueSpecification\",\"valueRequired\":true,\"valueName\":\"search_term_string\"}}],\"inLanguage\":\"fr-FR\"},{\"@type\":\"Organization\",\"@id\":\"https:\\\/\\\/ellesinteriordesignstudio.com\\\/fr\\\/#organization\",\"name\":\"ELLES Interior Design\",\"url\":\"https:\\\/\\\/ellesinteriordesignstudio.com\\\/fr\\\/\",\"logo\":{\"@type\":\"ImageObject\",\"inLanguage\":\"fr-FR\",\"@id\":\"https:\\\/\\\/ellesinteriordesignstudio.com\\\/fr\\\/#\\\/schema\\\/logo\\\/image\\\/\",\"url\":\"https:\\\/\\\/ellesinteriordesignstudio.com\\\/fr\\\/wp-content\\\/uploads\\\/sites\\\/2\\\/2023\\\/05\\\/FullLogo-PecanPie.png\",\"contentUrl\":\"https:\\\/\\\/ellesinteriordesignstudio.com\\\/fr\\\/wp-content\\\/uploads\\\/sites\\\/2\\\/2023\\\/05\\\/FullLogo-PecanPie.png\",\"width\":3000,\"height\":3181,\"caption\":\"ELLES Interior Design\"},\"image\":{\"@id\":\"https:\\\/\\\/ellesinteriordesignstudio.com\\\/fr\\\/#\\\/schema\\\/logo\\\/image\\\/\"},\"sameAs\":[\"https:\\\/\\\/www.instagram.com\\\/elles_interiordesign\\\/\",\"https:\\\/\\\/www.linkedin.com\\\/in\\\/sluraghi\\\/\",\"https:\\\/\\\/www.houzz.fr\\\/pro\\\/webuser-351163672\\\/elles-interior-design\"]}]}<\/script>\n<!-- \/ Yoast SEO plugin. -->","yoast_head_json":{"title":"Elles Interior Design | Pr\u00eat-\u00e0-porter: mon service de relooking de la maison","description":"Un service de d\u00e9coration d'int\u00e9rieur con\u00e7u pour r\u00e9nover ou relooker votre maison, en l'adaptant \u00e0 vos go\u00fbts et aux changements de votre vie.","robots":{"index":"index","follow":"follow","max-snippet":"max-snippet:-1","max-image-preview":"max-image-preview:large","max-video-preview":"max-video-preview:-1"},"canonical":"https:\/\/ellesinteriordesignstudio.com\/fr\/home-relooking\/","og_locale":"fr_FR","og_type":"article","og_title":"Elles Interior Design | Pr\u00eat-\u00e0-porter: mon service de relooking de la maison","og_description":"Un service de d\u00e9coration d'int\u00e9rieur con\u00e7u pour r\u00e9nover ou relooker votre maison, en l'adaptant \u00e0 vos go\u00fbts et aux changements de votre vie.","og_url":"https:\/\/ellesinteriordesignstudio.com\/fr\/home-relooking\/","og_site_name":"ELLES Interior Design","article_modified_time":"2026-03-26T14:19:30+00:00","og_image":[{"width":1500,"height":2250,"url":"https:\/\/ellesinteriordesignstudio.com\/fr\/wp-content\/uploads\/sites\/2\/2023\/05\/1_dessin_technique.webp","type":"image\/webp"}],"twitter_card":"summary_large_image","twitter_misc":{"Dur\u00e9e de lecture estim\u00e9e":"10 minutes"},"schema":{"@context":"https:\/\/schema.org","@graph":[{"@type":"WebPage","@id":"https:\/\/ellesinteriordesignstudio.com\/fr\/home-relooking\/","url":"https:\/\/ellesinteriordesignstudio.com\/fr\/home-relooking\/","name":"Elles Interior Design | Pr\u00eat-\u00e0-porter: mon service de relooking de la maison","isPartOf":{"@id":"https:\/\/ellesinteriordesignstudio.com\/fr\/#website"},"primaryImageOfPage":{"@id":"https:\/\/ellesinteriordesignstudio.com\/fr\/home-relooking\/#primaryimage"},"image":{"@id":"https:\/\/ellesinteriordesignstudio.com\/fr\/home-relooking\/#primaryimage"},"thumbnailUrl":"https:\/\/ellesinteriordesignstudio.com\/fr\/wp-content\/uploads\/sites\/2\/2023\/05\/1_dessin_technique.webp","datePublished":"2023-05-11T09:30:50+00:00","dateModified":"2026-03-26T14:19:30+00:00","description":"Un service de d\u00e9coration d'int\u00e9rieur con\u00e7u pour r\u00e9nover ou relooker votre maison, en l'adaptant \u00e0 vos go\u00fbts et aux changements de votre vie.","breadcrumb":{"@id":"https:\/\/ellesinteriordesignstudio.com\/fr\/home-relooking\/#breadcrumb"},"inLanguage":"fr-FR","potentialAction":[{"@type":"ReadAction","target":["https:\/\/ellesinteriordesignstudio.com\/fr\/home-relooking\/"]}]},{"@type":"ImageObject","inLanguage":"fr-FR","@id":"https:\/\/ellesinteriordesignstudio.com\/fr\/home-relooking\/#primaryimage","url":"https:\/\/ellesinteriordesignstudio.com\/fr\/wp-content\/uploads\/sites\/2\/2023\/05\/1_dessin_technique.webp","contentUrl":"https:\/\/ellesinteriordesignstudio.com\/fr\/wp-content\/uploads\/sites\/2\/2023\/05\/1_dessin_technique.webp","width":1500,"height":2250,"caption":"L'architecte d'int\u00e9rieur Stefania Luraghi d\u00e9veloppe un dessin technique lors d'un projet de r\u00e9novation."},{"@type":"BreadcrumbList","@id":"https:\/\/ellesinteriordesignstudio.com\/fr\/home-relooking\/#breadcrumb","itemListElement":[{"@type":"ListItem","position":1,"name":"Home","item":"https:\/\/ellesinteriordesignstudio.com\/fr\/"},{"@type":"ListItem","position":2,"name":"PR\u00caT-\u00c0-PORTER"}]},{"@type":"WebSite","@id":"https:\/\/ellesinteriordesignstudio.com\/fr\/#website","url":"https:\/\/ellesinteriordesignstudio.com\/fr\/","name":"ELLES Interior Design","description":"","publisher":{"@id":"https:\/\/ellesinteriordesignstudio.com\/fr\/#organization"},"potentialAction":[{"@type":"SearchAction","target":{"@type":"EntryPoint","urlTemplate":"https:\/\/ellesinteriordesignstudio.com\/fr\/?s={search_term_string}"},"query-input":{"@type":"PropertyValueSpecification","valueRequired":true,"valueName":"search_term_string"}}],"inLanguage":"fr-FR"},{"@type":"Organization","@id":"https:\/\/ellesinteriordesignstudio.com\/fr\/#organization","name":"ELLES Interior Design","url":"https:\/\/ellesinteriordesignstudio.com\/fr\/","logo":{"@type":"ImageObject","inLanguage":"fr-FR","@id":"https:\/\/ellesinteriordesignstudio.com\/fr\/#\/schema\/logo\/image\/","url":"https:\/\/ellesinteriordesignstudio.com\/fr\/wp-content\/uploads\/sites\/2\/2023\/05\/FullLogo-PecanPie.png","contentUrl":"https:\/\/ellesinteriordesignstudio.com\/fr\/wp-content\/uploads\/sites\/2\/2023\/05\/FullLogo-PecanPie.png","width":3000,"height":3181,"caption":"ELLES Interior Design"},"image":{"@id":"https:\/\/ellesinteriordesignstudio.com\/fr\/#\/schema\/logo\/image\/"},"sameAs":["https:\/\/www.instagram.com\/elles_interiordesign\/","https:\/\/www.linkedin.com\/in\/sluraghi\/","https:\/\/www.houzz.fr\/pro\/webuser-351163672\/elles-interior-design"]}]}},"_links":{"self":[{"href":"https:\/\/ellesinteriordesignstudio.com\/fr\/wp-json\/wp\/v2\/pages\/77","targetHints":{"allow":["GET"]}}],"collection":[{"href":"https:\/\/ellesinteriordesignstudio.com\/fr\/wp-json\/wp\/v2\/pages"}],"about":[{"href":"https:\/\/ellesinteriordesignstudio.com\/fr\/wp-json\/wp\/v2\/types\/page"}],"author":[{"embeddable":true,"href":"https:\/\/ellesinteriordesignstudio.com\/fr\/wp-json\/wp\/v2\/users\/2"}],"replies":[{"embeddable":true,"href":"https:\/\/ellesinteriordesignstudio.com\/fr\/wp-json\/wp\/v2\/comments?post=77"}],"version-history":[{"count":1,"href":"https:\/\/ellesinteriordesignstudio.com\/fr\/wp-json\/wp\/v2\/pages\/77\/revisions"}],"predecessor-version":[{"id":486,"href":"https:\/\/ellesinteriordesignstudio.com\/fr\/wp-json\/wp\/v2\/pages\/77\/revisions\/486"}],"wp:featuredmedia":[{"embeddable":true,"href":"https:\/\/ellesinteriordesignstudio.com\/fr\/wp-json\/wp\/v2\/media\/79"}],"wp:attachment":[{"href":"https:\/\/ellesinteriordesignstudio.com\/fr\/wp-json\/wp\/v2\/media?parent=77"}],"curies":[{"name":"wp","href":"https:\/\/api.w.org\/{rel}","templated":true}]}}