{"id":101,"date":"2023-05-11T18:00:34","date_gmt":"2023-05-11T16:00:34","guid":{"rendered":"https:\/\/dev.mielcafedesign.com\/sldesign\/?page_id=101"},"modified":"2026-03-26T15:19:33","modified_gmt":"2026-03-26T14:19:33","slug":"conseil-en-design-d-interieur","status":"publish","type":"page","link":"https:\/\/ellesinteriordesignstudio.com\/fr\/conseil-en-design-d-interieur\/","title":{"rendered":"RETOUCHE"},"content":{"rendered":"","protected":false},"excerpt":{"rendered":"","protected":false},"author":2,"featured_media":103,"parent":0,"menu_order":0,"comment_status":"closed","ping_status":"closed","template":"","meta":{"footnotes":""},"class_list":["post-101","page","type-page","status-publish","has-post-thumbnail","hentry"],"yoast_head":"<!-- This site is optimized with the Yoast SEO plugin v27.5 - https:\/\/yoast.com\/product\/yoast-seo-wordpress\/ -->\n<title>Elles Interior Design | Retouche: le conseil cibl\u00e9 en decoration d&#039;int\u00e9rieur<\/title>\n<meta name=\"description\" content=\"Une s\u00e9ance de conseil en d\u00e9coration d&#039;int\u00e9rieur pour trouver l&#039;inspiration cr\u00e9ative qui vibre \u00e0 votre fr\u00e9quence et se traduit par de petites touches qui am\u00e9liorent votre plaisir de vivre.\" \/>\n<meta name=\"robots\" content=\"index, follow, max-snippet:-1, max-image-preview:large, max-video-preview:-1\" \/>\n<link rel=\"canonical\" href=\"https:\/\/ellesinteriordesignstudio.com\/fr\/conseil-en-design-d-interieur\/\" \/>\n<meta property=\"og:locale\" content=\"fr_FR\" \/>\n<meta property=\"og:type\" content=\"article\" \/>\n<meta property=\"og:title\" content=\"Elles Interior Design | Retouche: le conseil cibl\u00e9 en decoration d&#039;int\u00e9rieur\" \/>\n<meta property=\"og:description\" content=\"Une s\u00e9ance de conseil en d\u00e9coration d&#039;int\u00e9rieur pour trouver l&#039;inspiration cr\u00e9ative qui vibre \u00e0 votre fr\u00e9quence et se traduit par de petites touches qui am\u00e9liorent votre plaisir de vivre.\" \/>\n<meta property=\"og:url\" content=\"https:\/\/ellesinteriordesignstudio.com\/fr\/conseil-en-design-d-interieur\/\" \/>\n<meta property=\"og:site_name\" content=\"ELLES Interior Design\" \/>\n<meta property=\"article:modified_time\" content=\"2026-03-26T14:19:33+00:00\" \/>\n<meta property=\"og:image\" content=\"https:\/\/ellesinteriordesignstudio.com\/fr\/wp-content\/uploads\/sites\/2\/2023\/05\/1_conseil_en_ameublement.webp\" \/>\n\t<meta property=\"og:image:width\" content=\"1500\" \/>\n\t<meta property=\"og:image:height\" content=\"2250\" \/>\n\t<meta property=\"og:image:type\" content=\"image\/webp\" \/>\n<meta name=\"twitter:card\" content=\"summary_large_image\" \/>\n<meta name=\"twitter:label1\" content=\"Dur\u00e9e de lecture estim\u00e9e\" \/>\n\t<meta name=\"twitter:data1\" content=\"6 minutes\" \/>\n<script type=\"application\/ld+json\" class=\"yoast-schema-graph\">{\"@context\":\"https:\\\/\\\/schema.org\",\"@graph\":[{\"@type\":\"WebPage\",\"@id\":\"https:\\\/\\\/ellesinteriordesignstudio.com\\\/fr\\\/conseil-en-design-d-interieur\\\/\",\"url\":\"https:\\\/\\\/ellesinteriordesignstudio.com\\\/fr\\\/conseil-en-design-d-interieur\\\/\",\"name\":\"Elles Interior Design | Retouche: le conseil cibl\u00e9 en decoration d'int\u00e9rieur\",\"isPartOf\":{\"@id\":\"https:\\\/\\\/ellesinteriordesignstudio.com\\\/fr\\\/#website\"},\"primaryImageOfPage\":{\"@id\":\"https:\\\/\\\/ellesinteriordesignstudio.com\\\/fr\\\/conseil-en-design-d-interieur\\\/#primaryimage\"},\"image\":{\"@id\":\"https:\\\/\\\/ellesinteriordesignstudio.com\\\/fr\\\/conseil-en-design-d-interieur\\\/#primaryimage\"},\"thumbnailUrl\":\"https:\\\/\\\/ellesinteriordesignstudio.com\\\/fr\\\/wp-content\\\/uploads\\\/sites\\\/2\\\/2023\\\/05\\\/1_conseil_en_ameublement.webp\",\"datePublished\":\"2023-05-11T16:00:34+00:00\",\"dateModified\":\"2026-03-26T14:19:33+00:00\",\"description\":\"Une s\u00e9ance de conseil en d\u00e9coration d'int\u00e9rieur pour trouver l'inspiration cr\u00e9ative qui vibre \u00e0 votre fr\u00e9quence et se traduit par de petites touches qui am\u00e9liorent votre plaisir de vivre.\",\"breadcrumb\":{\"@id\":\"https:\\\/\\\/ellesinteriordesignstudio.com\\\/fr\\\/conseil-en-design-d-interieur\\\/#breadcrumb\"},\"inLanguage\":\"fr-FR\",\"potentialAction\":[{\"@type\":\"ReadAction\",\"target\":[\"https:\\\/\\\/ellesinteriordesignstudio.com\\\/fr\\\/conseil-en-design-d-interieur\\\/\"]}]},{\"@type\":\"ImageObject\",\"inLanguage\":\"fr-FR\",\"@id\":\"https:\\\/\\\/ellesinteriordesignstudio.com\\\/fr\\\/conseil-en-design-d-interieur\\\/#primaryimage\",\"url\":\"https:\\\/\\\/ellesinteriordesignstudio.com\\\/fr\\\/wp-content\\\/uploads\\\/sites\\\/2\\\/2023\\\/05\\\/1_conseil_en_ameublement.webp\",\"contentUrl\":\"https:\\\/\\\/ellesinteriordesignstudio.com\\\/fr\\\/wp-content\\\/uploads\\\/sites\\\/2\\\/2023\\\/05\\\/1_conseil_en_ameublement.webp\",\"width\":1500,\"height\":2250,\"caption\":\"Portrait de l'architecte d'int\u00e9rieur Stefania Luraghi, fondatrice du studio Elles Interior Design, \u00e0 un moment de son travail.\"},{\"@type\":\"BreadcrumbList\",\"@id\":\"https:\\\/\\\/ellesinteriordesignstudio.com\\\/fr\\\/conseil-en-design-d-interieur\\\/#breadcrumb\",\"itemListElement\":[{\"@type\":\"ListItem\",\"position\":1,\"name\":\"Home\",\"item\":\"https:\\\/\\\/ellesinteriordesignstudio.com\\\/fr\\\/\"},{\"@type\":\"ListItem\",\"position\":2,\"name\":\"RETOUCHE\"}]},{\"@type\":\"WebSite\",\"@id\":\"https:\\\/\\\/ellesinteriordesignstudio.com\\\/fr\\\/#website\",\"url\":\"https:\\\/\\\/ellesinteriordesignstudio.com\\\/fr\\\/\",\"name\":\"ELLES Interior Design\",\"description\":\"\",\"publisher\":{\"@id\":\"https:\\\/\\\/ellesinteriordesignstudio.com\\\/fr\\\/#organization\"},\"potentialAction\":[{\"@type\":\"SearchAction\",\"target\":{\"@type\":\"EntryPoint\",\"urlTemplate\":\"https:\\\/\\\/ellesinteriordesignstudio.com\\\/fr\\\/?s={search_term_string}\"},\"query-input\":{\"@type\":\"PropertyValueSpecification\",\"valueRequired\":true,\"valueName\":\"search_term_string\"}}],\"inLanguage\":\"fr-FR\"},{\"@type\":\"Organization\",\"@id\":\"https:\\\/\\\/ellesinteriordesignstudio.com\\\/fr\\\/#organization\",\"name\":\"ELLES Interior Design\",\"url\":\"https:\\\/\\\/ellesinteriordesignstudio.com\\\/fr\\\/\",\"logo\":{\"@type\":\"ImageObject\",\"inLanguage\":\"fr-FR\",\"@id\":\"https:\\\/\\\/ellesinteriordesignstudio.com\\\/fr\\\/#\\\/schema\\\/logo\\\/image\\\/\",\"url\":\"https:\\\/\\\/ellesinteriordesignstudio.com\\\/fr\\\/wp-content\\\/uploads\\\/sites\\\/2\\\/2023\\\/05\\\/FullLogo-PecanPie.png\",\"contentUrl\":\"https:\\\/\\\/ellesinteriordesignstudio.com\\\/fr\\\/wp-content\\\/uploads\\\/sites\\\/2\\\/2023\\\/05\\\/FullLogo-PecanPie.png\",\"width\":3000,\"height\":3181,\"caption\":\"ELLES Interior Design\"},\"image\":{\"@id\":\"https:\\\/\\\/ellesinteriordesignstudio.com\\\/fr\\\/#\\\/schema\\\/logo\\\/image\\\/\"},\"sameAs\":[\"https:\\\/\\\/www.instagram.com\\\/elles_interiordesign\\\/\",\"https:\\\/\\\/www.linkedin.com\\\/in\\\/sluraghi\\\/\",\"https:\\\/\\\/www.houzz.fr\\\/pro\\\/webuser-351163672\\\/elles-interior-design\"]}]}<\/script>\n<!-- \/ Yoast SEO plugin. -->","yoast_head_json":{"title":"Elles Interior Design | Retouche: le conseil cibl\u00e9 en decoration d'int\u00e9rieur","description":"Une s\u00e9ance de conseil en d\u00e9coration d'int\u00e9rieur pour trouver l'inspiration cr\u00e9ative qui vibre \u00e0 votre fr\u00e9quence et se traduit par de petites touches qui am\u00e9liorent votre plaisir de vivre.","robots":{"index":"index","follow":"follow","max-snippet":"max-snippet:-1","max-image-preview":"max-image-preview:large","max-video-preview":"max-video-preview:-1"},"canonical":"https:\/\/ellesinteriordesignstudio.com\/fr\/conseil-en-design-d-interieur\/","og_locale":"fr_FR","og_type":"article","og_title":"Elles Interior Design | Retouche: le conseil cibl\u00e9 en decoration d'int\u00e9rieur","og_description":"Une s\u00e9ance de conseil en d\u00e9coration d'int\u00e9rieur pour trouver l'inspiration cr\u00e9ative qui vibre \u00e0 votre fr\u00e9quence et se traduit par de petites touches qui am\u00e9liorent votre plaisir de vivre.","og_url":"https:\/\/ellesinteriordesignstudio.com\/fr\/conseil-en-design-d-interieur\/","og_site_name":"ELLES Interior Design","article_modified_time":"2026-03-26T14:19:33+00:00","og_image":[{"width":1500,"height":2250,"url":"https:\/\/ellesinteriordesignstudio.com\/fr\/wp-content\/uploads\/sites\/2\/2023\/05\/1_conseil_en_ameublement.webp","type":"image\/webp"}],"twitter_card":"summary_large_image","twitter_misc":{"Dur\u00e9e de lecture estim\u00e9e":"6 minutes"},"schema":{"@context":"https:\/\/schema.org","@graph":[{"@type":"WebPage","@id":"https:\/\/ellesinteriordesignstudio.com\/fr\/conseil-en-design-d-interieur\/","url":"https:\/\/ellesinteriordesignstudio.com\/fr\/conseil-en-design-d-interieur\/","name":"Elles Interior Design | Retouche: le conseil cibl\u00e9 en decoration d'int\u00e9rieur","isPartOf":{"@id":"https:\/\/ellesinteriordesignstudio.com\/fr\/#website"},"primaryImageOfPage":{"@id":"https:\/\/ellesinteriordesignstudio.com\/fr\/conseil-en-design-d-interieur\/#primaryimage"},"image":{"@id":"https:\/\/ellesinteriordesignstudio.com\/fr\/conseil-en-design-d-interieur\/#primaryimage"},"thumbnailUrl":"https:\/\/ellesinteriordesignstudio.com\/fr\/wp-content\/uploads\/sites\/2\/2023\/05\/1_conseil_en_ameublement.webp","datePublished":"2023-05-11T16:00:34+00:00","dateModified":"2026-03-26T14:19:33+00:00","description":"Une s\u00e9ance de conseil en d\u00e9coration d'int\u00e9rieur pour trouver l'inspiration cr\u00e9ative qui vibre \u00e0 votre fr\u00e9quence et se traduit par de petites touches qui am\u00e9liorent votre plaisir de vivre.","breadcrumb":{"@id":"https:\/\/ellesinteriordesignstudio.com\/fr\/conseil-en-design-d-interieur\/#breadcrumb"},"inLanguage":"fr-FR","potentialAction":[{"@type":"ReadAction","target":["https:\/\/ellesinteriordesignstudio.com\/fr\/conseil-en-design-d-interieur\/"]}]},{"@type":"ImageObject","inLanguage":"fr-FR","@id":"https:\/\/ellesinteriordesignstudio.com\/fr\/conseil-en-design-d-interieur\/#primaryimage","url":"https:\/\/ellesinteriordesignstudio.com\/fr\/wp-content\/uploads\/sites\/2\/2023\/05\/1_conseil_en_ameublement.webp","contentUrl":"https:\/\/ellesinteriordesignstudio.com\/fr\/wp-content\/uploads\/sites\/2\/2023\/05\/1_conseil_en_ameublement.webp","width":1500,"height":2250,"caption":"Portrait de l'architecte d'int\u00e9rieur Stefania Luraghi, fondatrice du studio Elles Interior Design, \u00e0 un moment de son travail."},{"@type":"BreadcrumbList","@id":"https:\/\/ellesinteriordesignstudio.com\/fr\/conseil-en-design-d-interieur\/#breadcrumb","itemListElement":[{"@type":"ListItem","position":1,"name":"Home","item":"https:\/\/ellesinteriordesignstudio.com\/fr\/"},{"@type":"ListItem","position":2,"name":"RETOUCHE"}]},{"@type":"WebSite","@id":"https:\/\/ellesinteriordesignstudio.com\/fr\/#website","url":"https:\/\/ellesinteriordesignstudio.com\/fr\/","name":"ELLES Interior Design","description":"","publisher":{"@id":"https:\/\/ellesinteriordesignstudio.com\/fr\/#organization"},"potentialAction":[{"@type":"SearchAction","target":{"@type":"EntryPoint","urlTemplate":"https:\/\/ellesinteriordesignstudio.com\/fr\/?s={search_term_string}"},"query-input":{"@type":"PropertyValueSpecification","valueRequired":true,"valueName":"search_term_string"}}],"inLanguage":"fr-FR"},{"@type":"Organization","@id":"https:\/\/ellesinteriordesignstudio.com\/fr\/#organization","name":"ELLES Interior Design","url":"https:\/\/ellesinteriordesignstudio.com\/fr\/","logo":{"@type":"ImageObject","inLanguage":"fr-FR","@id":"https:\/\/ellesinteriordesignstudio.com\/fr\/#\/schema\/logo\/image\/","url":"https:\/\/ellesinteriordesignstudio.com\/fr\/wp-content\/uploads\/sites\/2\/2023\/05\/FullLogo-PecanPie.png","contentUrl":"https:\/\/ellesinteriordesignstudio.com\/fr\/wp-content\/uploads\/sites\/2\/2023\/05\/FullLogo-PecanPie.png","width":3000,"height":3181,"caption":"ELLES Interior Design"},"image":{"@id":"https:\/\/ellesinteriordesignstudio.com\/fr\/#\/schema\/logo\/image\/"},"sameAs":["https:\/\/www.instagram.com\/elles_interiordesign\/","https:\/\/www.linkedin.com\/in\/sluraghi\/","https:\/\/www.houzz.fr\/pro\/webuser-351163672\/elles-interior-design"]}]}},"_links":{"self":[{"href":"https:\/\/ellesinteriordesignstudio.com\/fr\/wp-json\/wp\/v2\/pages\/101","targetHints":{"allow":["GET"]}}],"collection":[{"href":"https:\/\/ellesinteriordesignstudio.com\/fr\/wp-json\/wp\/v2\/pages"}],"about":[{"href":"https:\/\/ellesinteriordesignstudio.com\/fr\/wp-json\/wp\/v2\/types\/page"}],"author":[{"embeddable":true,"href":"https:\/\/ellesinteriordesignstudio.com\/fr\/wp-json\/wp\/v2\/users\/2"}],"replies":[{"embeddable":true,"href":"https:\/\/ellesinteriordesignstudio.com\/fr\/wp-json\/wp\/v2\/comments?post=101"}],"version-history":[{"count":1,"href":"https:\/\/ellesinteriordesignstudio.com\/fr\/wp-json\/wp\/v2\/pages\/101\/revisions"}],"predecessor-version":[{"id":485,"href":"https:\/\/ellesinteriordesignstudio.com\/fr\/wp-json\/wp\/v2\/pages\/101\/revisions\/485"}],"wp:featuredmedia":[{"embeddable":true,"href":"https:\/\/ellesinteriordesignstudio.com\/fr\/wp-json\/wp\/v2\/media\/103"}],"wp:attachment":[{"href":"https:\/\/ellesinteriordesignstudio.com\/fr\/wp-json\/wp\/v2\/media?parent=101"}],"curies":[{"name":"wp","href":"https:\/\/api.w.org\/{rel}","templated":true}]}}